{"id":685,"date":"2019-07-11T07:10:24","date_gmt":"2019-07-11T07:10:24","guid":{"rendered":"https:\/\/travelntech.com\/br\/?page_id=685"},"modified":"2019-07-11T07:10:27","modified_gmt":"2019-07-11T07:10:27","slug":"n26-o-melhor-cartao-para-quem-vai-fazer-intercambio-na-europa","status":"publish","type":"page","link":"https:\/\/travelntech.com\/br\/n26-o-melhor-cartao-para-quem-vai-fazer-intercambio-na-europa\/","title":{"rendered":"N26 o melhor cart\u00e3o para quem vai fazer interc\u00e2mbio na Europa."},"content":{"rendered":"<div style='text-align:left' class='yasr-auto-insert-visitor'><\/div>\n<p>Primeiro banco digital europeu, a <a href=\"https:\/\/n26.com\/r\/fernandk5964\">N26<\/a>, fintech alem\u00e3, fundada em 2013 e que j\u00e1 tem presen\u00e7a em 24 pa\u00edses, est\u00e1 prestes a abrir sua opera\u00e7\u00e3o nos EUA e j\u00e1 anunciou o seu interesse em desembarcar oficialmente no Brasil ainda em 2019.<\/p>\n\n\n\n<p>Seu cart\u00e3o (de d\u00e9bito) tem sido considerado por muitos viajantes, principalmente os brasileiros (intercambistas na europa ou n\u00f4mades rodando por todo o mundo), como uma das <strong>melhores op\u00e7\u00f5es para levar dinheiro durante as viagens al\u00e9m de escapar da cota\u00e7\u00e3o de d\u00f3lar\/euro turismo e o IOF de 6,38%<\/strong> em transa\u00e7\u00f5es com cart\u00e3o ou saque.<\/p>\n\n\n\n<div class=\"wp-block-image\"><figure class=\"aligncenter\"><img loading=\"lazy\" decoding=\"async\" width=\"708\" height=\"354\" src=\"https:\/\/travelntech.com\/br\/wp-content\/uploads\/2019\/05\/n26-cartoes.jpeg\" alt=\"\" class=\"wp-image-668\" srcset=\"https:\/\/travelntech.com\/br\/wp-content\/uploads\/2019\/05\/n26-cartoes.jpeg 708w, https:\/\/travelntech.com\/br\/wp-content\/uploads\/2019\/05\/n26-cartoes-300x150.jpeg 300w\" sizes=\"auto, (max-width: 708px) 100vw, 708px\" \/><figcaption>Os 3 cart\u00f5es dispon\u00edveis na Europa<\/figcaption><\/figure><\/div>\n\n\n\n<p>O cart\u00e3o, que tem sua vers\u00e3o gratuita, funciona perfeitamente em todo o mundo na fun\u00e7\u00e3o d\u00e9bito, fazendo o cambio de moeda usando as menores cota\u00e7\u00f5es poss\u00edveis. Al\u00e9m disso, tem vantagens especiais na Europa, onde conta com 5 saques gratuitos em ATM dentro da Zona do Euro.<\/p>\n\n\n\n<p>J\u00e1 suas vers\u00f5es Premium, contam com algumas vantagens extra, como saque ilimitado em todo o mundo e seguros, como sa\u00fade e de garantia extendida, por exemplo. Veja os pre\u00e7os abaixo: (O Metal ainda n\u00e3o est\u00e1 dispon\u00edvel em toda a Europa)<\/p>\n\n\n\n<figure class=\"wp-block-image\"><img loading=\"lazy\" decoding=\"async\" width=\"1024\" height=\"672\" src=\"https:\/\/travelntech.com\/br\/wp-content\/uploads\/2019\/05\/preco-n26-1024x672.png\" alt=\"\" class=\"wp-image-672\" srcset=\"https:\/\/travelntech.com\/br\/wp-content\/uploads\/2019\/05\/preco-n26-1024x672.png 1024w, https:\/\/travelntech.com\/br\/wp-content\/uploads\/2019\/05\/preco-n26-300x197.png 300w, https:\/\/travelntech.com\/br\/wp-content\/uploads\/2019\/05\/preco-n26-768x504.png 768w\" sizes=\"auto, (max-width: 1024px) 100vw, 1024px\" \/><\/figure>\n\n\n\n<h2 class=\"wp-block-heading\">O melhor cart\u00e3o para usar em viagens e evitar IOF<\/h2>\n\n\n\n<p>O N26 tem uma grande vantagem, que \u00e9 n\u00e3o cobrar taxa de cambio entre moedas e ter saque gratu\u00edto de dinheiro em ATMs na Europa (e em todo o mundo nas suas vers\u00f5es pagas). Mas claro, antes de usar ele, voc\u00ea precisar\u00e1 carreg\u00e1-lo. Para isso, o N26 conta com uma parceria com o <a href=\"https:\/\/transferwise.com\/i\/fernandok56'\">Transferwise<\/a>. <\/p>\n\n\n\n<p>Ent\u00e3o, quando voc\u00ea cria uma conta, ganha uma conta na Europa (que poder\u00e1 inclusive receber de trabalhos freelancers pela europa) e poder\u00e1 enviar dinheiro para esta conta atrav\u00e9s do <a href=\"https:\/\/transferwise.com\/i\/fernandok56\">Transferwise<\/a>. A grande vantagem \u00e9 que o Transferwise utiliza a cota\u00e7\u00e3o do d\u00f3lar comercial (e n\u00e3o o d\u00f3lar turismo, como todos os bancos), al\u00e9m de transferir o dinheiro cobrando apenas 0,38% de IOF e taxas min\u00fasculas. Isso quer dizer que, comparado com um cart\u00e3o de cr\u00e9dito ou d\u00e9bito brasileiro, <strong>voc\u00ea pode economizar at\u00e9 7%, dependendo da quantidade de dinheiro que transferir<\/strong>.<\/p>\n\n\n\n<p>Em uma simula\u00e7\u00e3o de uso de<strong> cart\u00e3o brasileiro <\/strong>Vs<strong> N26<\/strong> (usando o Transferwise), os n\u00fameros ficaram assim (considerando o Euro Comercial a R$4,39 e o Euro Turismo a R$4,64):<\/p>\n\n\n\n<p>Se voc\u00ea precisasse de R$2.000,00 na Europa, isso daria aproximadamente:<\/p>\n\n\n\n<ul class=\"wp-block-list\"><li><strong>\u20ac 443 <\/strong>no N26 (j\u00e1 incluindo taxas do Transferwise);<\/li><li><strong>\u20ac 431<\/strong> se comprasse em esp\u00e9cie no Brasil;<\/li><li><strong>\u20ac 410<\/strong> se usasse o cart\u00e3o de cr\u00e9dito brasileiro, pagando IOF de 6,38%.<\/li><\/ul>\n\n\n\n<p>Ou seja, comparado com o cart\u00e3o de cr\u00e9dito, <strong>voc\u00ea poderia economizar cerca de \u20ac 33 para cada R$2.000 que precisasse na Europa<\/strong>. Agora imagine isso para quem viaja muito. A diferen\u00e7a permitiria at\u00e9 pagar as vers\u00f5es mais premium do cart\u00e3o, que custam a partir de \u20ac 9,90 mensais e ter saque ilimitado em todo o mundo.<\/p>\n\n\n\n<h2 class=\"wp-block-heading\">Como conseguir um N26, mesmo morando no Brasil?<\/h2>\n\n\n\n<p>O N26 est\u00e1 dispon\u00edvel em quase todos os pa\u00edses da Europa, inclusive no Reino Unido. Enquanto ele n\u00e3o chega oficialmente ao Brasil (e n\u00e3o sabemos se ter\u00e1 tidos os benef\u00edcios que a vers\u00e3o da Europa), <strong>\u00e9 poss\u00edvel conseguir ele caso voc\u00ea tenha viagem marcada para a Europa ou tenha algum conhecido l\u00e1<\/strong>. Funciona assim:<\/p>\n\n\n\n<ul class=\"wp-block-list\"><li><a href=\"https:\/\/app.n26.com\/referral\/fernandk5964\">Quando come\u00e7ar a criar uma conta<\/a>, voc\u00ea vai precisar escolher um pa\u00eds que tenha endere\u00e7o na Europa. Vale colocar o de um Hotel ou Airbnb que voc\u00ea ficar\u00e1 na Europa. Ou ainda o endere\u00e7o de algum amigo. Lembre que a correspond\u00eancia ser\u00e1 em seu nome, ent\u00e3o certifique-se que o lugar que ir\u00e1 receber pode aceitar correspond\u00eancias em seu nome.<\/li><li>O sistema do N26 aceita passaporte e telefone brasileiro no cadastro, mas exige um endere\u00e7o na Europa. Eventualmente eles bloqueiam novos cadastros de brasileiros, mas ultimamente eles t\u00eam deixando novos brasileiros criarem suas contas sem maiores problemas.<\/li><li>Ap\u00f3s inserir as informa\u00e7\u00f5es de cadastro, voc\u00ea precisar\u00e1 enviar uma foto leg\u00edvel de seu passaporte e, em alguns casos, ser\u00e1 necess\u00e1rio fazer uma r\u00e1pida liga\u00e7\u00e3o (pelo pr\u00f3prio app) para confirmar que \u00e9 realmente voc\u00ea que est\u00e1 se cadastrando.<\/li><li>Se enviar para a casa de um amigo, \u00e9 s\u00f3 pedir para ele te encaminhar no no Brasil. Caso contr\u00e1rio, voc\u00ea pode pegar assim que chegar na Europa.<\/li><\/ul>\n\n\n\n<p>Pronto, em algumas semanas voc\u00ea ter\u00e1 o cart\u00e3o mais badalado do momento entre n\u00f4mades, intercambistas e viajantes.<\/p>\n\n\n\n<pre style=\"text-align:center\" class=\"wp-block-verse\"><a href=\"https:\/\/n26.com\/r\/fernandk5964\">Pe\u00e7a seu N26<\/a><\/pre>\n\n\n","protected":false},"excerpt":{"rendered":"<p>Primeiro banco digital europeu, a N26, fintech alem\u00e3, fundada em 2013 e que j\u00e1 tem presen\u00e7a em 24 pa\u00edses, est\u00e1 prestes a abrir sua opera\u00e7\u00e3o nos EUA e j\u00e1 anunciou o seu interesse em&#46;&#46;&#46;<\/p>\n","protected":false},"author":1,"featured_media":667,"parent":0,"menu_order":0,"comment_status":"closed","ping_status":"closed","template":"","meta":{"_monsterinsights_skip_tracking":false,"_monsterinsights_sitenote_active":false,"_monsterinsights_sitenote_note":"","_monsterinsights_sitenote_category":0,"yasr_overall_rating":0,"yasr_post_is_review":"","yasr_auto_insert_disabled":"","yasr_review_type":"","footnotes":""},"class_list":["post-685","page","type-page","status-publish","has-post-thumbnail","hentry"],"yoast_head":"<!-- This site is optimized with the Yoast SEO plugin v26.9 - https:\/\/yoast.com\/product\/yoast-seo-wordpress\/ -->\n<title>N26 o melhor cart\u00e3o para quem vai fazer interc\u00e2mbio na Europa. - Travel &#039;n Tech Brasil<\/title>\n<meta name=\"robots\" content=\"index, follow, max-snippet:-1, max-image-preview:large, max-video-preview:-1\" \/>\n<link rel=\"canonical\" href=\"https:\/\/travelntech.com\/br\/n26-o-melhor-cartao-para-quem-vai-fazer-intercambio-na-europa\/\" \/>\n<meta property=\"og:locale\" content=\"pt_BR\" \/>\n<meta property=\"og:type\" content=\"article\" \/>\n<meta property=\"og:title\" content=\"N26 o melhor cart\u00e3o para quem vai fazer interc\u00e2mbio na Europa. - Travel &#039;n Tech Brasil\" \/>\n<meta property=\"og:description\" content=\"Primeiro banco digital europeu, a N26, fintech alem\u00e3, fundada em 2013 e que j\u00e1 tem presen\u00e7a em 24 pa\u00edses, est\u00e1 prestes a abrir sua opera\u00e7\u00e3o nos EUA e j\u00e1 anunciou o seu interesse em&#046;&#046;&#046;\" \/>\n<meta property=\"og:url\" content=\"https:\/\/travelntech.com\/br\/n26-o-melhor-cartao-para-quem-vai-fazer-intercambio-na-europa\/\" \/>\n<meta property=\"og:site_name\" content=\"Travel &#039;n Tech Brasil\" \/>\n<meta property=\"article:modified_time\" content=\"2019-07-11T07:10:27+00:00\" \/>\n<meta property=\"og:image\" content=\"https:\/\/travelntech.com\/br\/wp-content\/uploads\/2019\/05\/cartao-n26.jpg\" \/>\n\t<meta property=\"og:image:width\" content=\"770\" \/>\n\t<meta property=\"og:image:height\" content=\"400\" \/>\n\t<meta property=\"og:image:type\" content=\"image\/jpeg\" \/>\n<meta name=\"twitter:card\" content=\"summary_large_image\" \/>\n<meta name=\"twitter:label1\" content=\"Est. tempo de leitura\" \/>\n\t<meta name=\"twitter:data1\" content=\"4 minutos\" \/>\n<script type=\"application\/ld+json\" class=\"yoast-schema-graph\">{\"@context\":\"https:\/\/schema.org\",\"@graph\":[{\"@type\":\"WebPage\",\"@id\":\"https:\/\/travelntech.com\/br\/n26-o-melhor-cartao-para-quem-vai-fazer-intercambio-na-europa\/\",\"url\":\"https:\/\/travelntech.com\/br\/n26-o-melhor-cartao-para-quem-vai-fazer-intercambio-na-europa\/\",\"name\":\"N26 o melhor cart\u00e3o para quem vai fazer interc\u00e2mbio na Europa. - Travel &#039;n Tech Brasil\",\"isPartOf\":{\"@id\":\"https:\/\/travelntech.com\/br\/#website\"},\"primaryImageOfPage\":{\"@id\":\"https:\/\/travelntech.com\/br\/n26-o-melhor-cartao-para-quem-vai-fazer-intercambio-na-europa\/#primaryimage\"},\"image\":{\"@id\":\"https:\/\/travelntech.com\/br\/n26-o-melhor-cartao-para-quem-vai-fazer-intercambio-na-europa\/#primaryimage\"},\"thumbnailUrl\":\"https:\/\/travelntech.com\/br\/wp-content\/uploads\/2019\/05\/cartao-n26.jpg\",\"datePublished\":\"2019-07-11T07:10:24+00:00\",\"dateModified\":\"2019-07-11T07:10:27+00:00\",\"breadcrumb\":{\"@id\":\"https:\/\/travelntech.com\/br\/n26-o-melhor-cartao-para-quem-vai-fazer-intercambio-na-europa\/#breadcrumb\"},\"inLanguage\":\"pt-BR\",\"potentialAction\":[{\"@type\":\"ReadAction\",\"target\":[\"https:\/\/travelntech.com\/br\/n26-o-melhor-cartao-para-quem-vai-fazer-intercambio-na-europa\/\"]}]},{\"@type\":\"ImageObject\",\"inLanguage\":\"pt-BR\",\"@id\":\"https:\/\/travelntech.com\/br\/n26-o-melhor-cartao-para-quem-vai-fazer-intercambio-na-europa\/#primaryimage\",\"url\":\"https:\/\/travelntech.com\/br\/wp-content\/uploads\/2019\/05\/cartao-n26.jpg\",\"contentUrl\":\"https:\/\/travelntech.com\/br\/wp-content\/uploads\/2019\/05\/cartao-n26.jpg\",\"width\":770,\"height\":400},{\"@type\":\"BreadcrumbList\",\"@id\":\"https:\/\/travelntech.com\/br\/n26-o-melhor-cartao-para-quem-vai-fazer-intercambio-na-europa\/#breadcrumb\",\"itemListElement\":[{\"@type\":\"ListItem\",\"position\":1,\"name\":\"In\u00edcio\",\"item\":\"https:\/\/travelntech.com\/br\/\"},{\"@type\":\"ListItem\",\"position\":2,\"name\":\"N26 o melhor cart\u00e3o para quem vai fazer interc\u00e2mbio na Europa.\"}]},{\"@type\":\"WebSite\",\"@id\":\"https:\/\/travelntech.com\/br\/#website\",\"url\":\"https:\/\/travelntech.com\/br\/\",\"name\":\"Travel 'n Tech Brasil\",\"description\":\"\",\"publisher\":{\"@id\":\"https:\/\/travelntech.com\/br\/#\/schema\/person\/876b20ae233960823cae1759e8dc09fd\"},\"potentialAction\":[{\"@type\":\"SearchAction\",\"target\":{\"@type\":\"EntryPoint\",\"urlTemplate\":\"https:\/\/travelntech.com\/br\/?s={search_term_string}\"},\"query-input\":{\"@type\":\"PropertyValueSpecification\",\"valueRequired\":true,\"valueName\":\"search_term_string\"}}],\"inLanguage\":\"pt-BR\"},{\"@type\":[\"Person\",\"Organization\"],\"@id\":\"https:\/\/travelntech.com\/br\/#\/schema\/person\/876b20ae233960823cae1759e8dc09fd\",\"name\":\"Fernando Kanarski\",\"image\":{\"@type\":\"ImageObject\",\"inLanguage\":\"pt-BR\",\"@id\":\"https:\/\/travelntech.com\/br\/#\/schema\/person\/image\/\",\"url\":\"https:\/\/travelntech.com\/br\/wp-content\/uploads\/2016\/05\/cropped-travelntech-1.png\",\"contentUrl\":\"https:\/\/travelntech.com\/br\/wp-content\/uploads\/2016\/05\/cropped-travelntech-1.png\",\"width\":329,\"height\":144,\"caption\":\"Fernando Kanarski\"},\"logo\":{\"@id\":\"https:\/\/travelntech.com\/br\/#\/schema\/person\/image\/\"},\"sameAs\":[\"https:\/\/www.instagram.com\/nandokanarski\/\",\"https:\/\/www.youtube.com\/@nandokanarski\"]},false]}<\/script>\n<!-- \/ Yoast SEO plugin. -->","yoast_head_json":{"title":"N26 o melhor cart\u00e3o para quem vai fazer interc\u00e2mbio na Europa. - Travel &#039;n Tech Brasil","robots":{"index":"index","follow":"follow","max-snippet":"max-snippet:-1","max-image-preview":"max-image-preview:large","max-video-preview":"max-video-preview:-1"},"canonical":"https:\/\/travelntech.com\/br\/n26-o-melhor-cartao-para-quem-vai-fazer-intercambio-na-europa\/","og_locale":"pt_BR","og_type":"article","og_title":"N26 o melhor cart\u00e3o para quem vai fazer interc\u00e2mbio na Europa. - Travel &#039;n Tech Brasil","og_description":"Primeiro banco digital europeu, a N26, fintech alem\u00e3, fundada em 2013 e que j\u00e1 tem presen\u00e7a em 24 pa\u00edses, est\u00e1 prestes a abrir sua opera\u00e7\u00e3o nos EUA e j\u00e1 anunciou o seu interesse em&#46;&#46;&#46;","og_url":"https:\/\/travelntech.com\/br\/n26-o-melhor-cartao-para-quem-vai-fazer-intercambio-na-europa\/","og_site_name":"Travel &#039;n Tech Brasil","article_modified_time":"2019-07-11T07:10:27+00:00","og_image":[{"width":770,"height":400,"url":"https:\/\/travelntech.com\/br\/wp-content\/uploads\/2019\/05\/cartao-n26.jpg","type":"image\/jpeg"}],"twitter_card":"summary_large_image","twitter_misc":{"Est. tempo de leitura":"4 minutos"},"schema":{"@context":"https:\/\/schema.org","@graph":[{"@type":"WebPage","@id":"https:\/\/travelntech.com\/br\/n26-o-melhor-cartao-para-quem-vai-fazer-intercambio-na-europa\/","url":"https:\/\/travelntech.com\/br\/n26-o-melhor-cartao-para-quem-vai-fazer-intercambio-na-europa\/","name":"N26 o melhor cart\u00e3o para quem vai fazer interc\u00e2mbio na Europa. - Travel &#039;n Tech Brasil","isPartOf":{"@id":"https:\/\/travelntech.com\/br\/#website"},"primaryImageOfPage":{"@id":"https:\/\/travelntech.com\/br\/n26-o-melhor-cartao-para-quem-vai-fazer-intercambio-na-europa\/#primaryimage"},"image":{"@id":"https:\/\/travelntech.com\/br\/n26-o-melhor-cartao-para-quem-vai-fazer-intercambio-na-europa\/#primaryimage"},"thumbnailUrl":"https:\/\/travelntech.com\/br\/wp-content\/uploads\/2019\/05\/cartao-n26.jpg","datePublished":"2019-07-11T07:10:24+00:00","dateModified":"2019-07-11T07:10:27+00:00","breadcrumb":{"@id":"https:\/\/travelntech.com\/br\/n26-o-melhor-cartao-para-quem-vai-fazer-intercambio-na-europa\/#breadcrumb"},"inLanguage":"pt-BR","potentialAction":[{"@type":"ReadAction","target":["https:\/\/travelntech.com\/br\/n26-o-melhor-cartao-para-quem-vai-fazer-intercambio-na-europa\/"]}]},{"@type":"ImageObject","inLanguage":"pt-BR","@id":"https:\/\/travelntech.com\/br\/n26-o-melhor-cartao-para-quem-vai-fazer-intercambio-na-europa\/#primaryimage","url":"https:\/\/travelntech.com\/br\/wp-content\/uploads\/2019\/05\/cartao-n26.jpg","contentUrl":"https:\/\/travelntech.com\/br\/wp-content\/uploads\/2019\/05\/cartao-n26.jpg","width":770,"height":400},{"@type":"BreadcrumbList","@id":"https:\/\/travelntech.com\/br\/n26-o-melhor-cartao-para-quem-vai-fazer-intercambio-na-europa\/#breadcrumb","itemListElement":[{"@type":"ListItem","position":1,"name":"In\u00edcio","item":"https:\/\/travelntech.com\/br\/"},{"@type":"ListItem","position":2,"name":"N26 o melhor cart\u00e3o para quem vai fazer interc\u00e2mbio na Europa."}]},{"@type":"WebSite","@id":"https:\/\/travelntech.com\/br\/#website","url":"https:\/\/travelntech.com\/br\/","name":"Travel 'n Tech Brasil","description":"","publisher":{"@id":"https:\/\/travelntech.com\/br\/#\/schema\/person\/876b20ae233960823cae1759e8dc09fd"},"potentialAction":[{"@type":"SearchAction","target":{"@type":"EntryPoint","urlTemplate":"https:\/\/travelntech.com\/br\/?s={search_term_string}"},"query-input":{"@type":"PropertyValueSpecification","valueRequired":true,"valueName":"search_term_string"}}],"inLanguage":"pt-BR"},{"@type":["Person","Organization"],"@id":"https:\/\/travelntech.com\/br\/#\/schema\/person\/876b20ae233960823cae1759e8dc09fd","name":"Fernando Kanarski","image":{"@type":"ImageObject","inLanguage":"pt-BR","@id":"https:\/\/travelntech.com\/br\/#\/schema\/person\/image\/","url":"https:\/\/travelntech.com\/br\/wp-content\/uploads\/2016\/05\/cropped-travelntech-1.png","contentUrl":"https:\/\/travelntech.com\/br\/wp-content\/uploads\/2016\/05\/cropped-travelntech-1.png","width":329,"height":144,"caption":"Fernando Kanarski"},"logo":{"@id":"https:\/\/travelntech.com\/br\/#\/schema\/person\/image\/"},"sameAs":["https:\/\/www.instagram.com\/nandokanarski\/","https:\/\/www.youtube.com\/@nandokanarski"]},false]}},"yasr_visitor_votes":{"stars_attributes":{"read_only":false,"span_bottom":false},"number_of_votes":0,"sum_votes":0},"amp_enabled":true,"_links":{"self":[{"href":"https:\/\/travelntech.com\/br\/wp-json\/wp\/v2\/pages\/685","targetHints":{"allow":["GET"]}}],"collection":[{"href":"https:\/\/travelntech.com\/br\/wp-json\/wp\/v2\/pages"}],"about":[{"href":"https:\/\/travelntech.com\/br\/wp-json\/wp\/v2\/types\/page"}],"author":[{"embeddable":true,"href":"https:\/\/travelntech.com\/br\/wp-json\/wp\/v2\/users\/1"}],"replies":[{"embeddable":true,"href":"https:\/\/travelntech.com\/br\/wp-json\/wp\/v2\/comments?post=685"}],"version-history":[{"count":1,"href":"https:\/\/travelntech.com\/br\/wp-json\/wp\/v2\/pages\/685\/revisions"}],"predecessor-version":[{"id":686,"href":"https:\/\/travelntech.com\/br\/wp-json\/wp\/v2\/pages\/685\/revisions\/686"}],"wp:featuredmedia":[{"embeddable":true,"href":"https:\/\/travelntech.com\/br\/wp-json\/wp\/v2\/media\/667"}],"wp:attachment":[{"href":"https:\/\/travelntech.com\/br\/wp-json\/wp\/v2\/media?parent=685"}],"curies":[{"name":"wp","href":"https:\/\/api.w.org\/{rel}","templated":true}]}}