{"id":623,"date":"2018-12-19T21:22:15","date_gmt":"2018-12-19T21:22:15","guid":{"rendered":"https:\/\/travelntech.com\/br\/?page_id=623"},"modified":"2018-12-19T22:05:56","modified_gmt":"2018-12-19T22:05:56","slug":"descontos-e-recomendacoes","status":"publish","type":"page","link":"https:\/\/travelntech.com\/br\/descontos-e-recomendacoes\/","title":{"rendered":"Descontos e Recomenda\u00e7\u00f5es"},"content":{"rendered":"<div style='text-align:left' class='yasr-auto-insert-visitor'><\/div><p>Nesta p\u00e1gina, voc\u00ea ir\u00e1 encontrar\u00a0descontos em servi\u00e7os e recomenda\u00e7\u00f5es de melhores ferramentas para usar. Sempre que poss\u00edvel com algum c\u00f3digo promocional para ajudar na sua primeira viagem.<\/p>\n<h2>At\u00e9 R$179 de desconto para sua primeira reserva e experi\u00eancia no Airbnb<\/h2>\n<p><a href=\"https:\/\/travelntech.com\/br\/wp-content\/uploads\/2018\/12\/Airbnb-rebrand-by-DesignStudio_dezeen_468_8.jpg\" data-rel=\"lightbox-image-0\" data-rl_title=\"\" data-rl_caption=\"\" title=\"\"><img loading=\"lazy\" decoding=\"async\" class=\"alignleft wp-image-630 size-thumbnail\" src=\"https:\/\/travelntech.com\/br\/wp-content\/uploads\/2018\/12\/Airbnb-rebrand-by-DesignStudio_dezeen_468_8-150x150.jpg\" alt=\"\" width=\"150\" height=\"150\" srcset=\"https:\/\/travelntech.com\/br\/wp-content\/uploads\/2018\/12\/Airbnb-rebrand-by-DesignStudio_dezeen_468_8-150x150.jpg 150w, https:\/\/travelntech.com\/br\/wp-content\/uploads\/2018\/12\/Airbnb-rebrand-by-DesignStudio_dezeen_468_8-300x300.jpg 300w, https:\/\/travelntech.com\/br\/wp-content\/uploads\/2018\/12\/Airbnb-rebrand-by-DesignStudio_dezeen_468_8-160x160.jpg 160w, https:\/\/travelntech.com\/br\/wp-content\/uploads\/2018\/12\/Airbnb-rebrand-by-DesignStudio_dezeen_468_8-320x320.jpg 320w, https:\/\/travelntech.com\/br\/wp-content\/uploads\/2018\/12\/Airbnb-rebrand-by-DesignStudio_dezeen_468_8.jpg 468w\" sizes=\"auto, (max-width: 150px) 100vw, 150px\" \/><\/a>O Airbnb tem revolucionado a forma que as pessoa se hospedam. Seja para uma curta estadia ou alguns meses, o site tem op\u00e7\u00f5es para todos os bolsos e gostos. S\u00e3o milhares de op\u00e7\u00f5es em todo o mundo.<\/p>\n<p>Para come\u00e7ar, <a href=\"https:\/\/www.airbnb.com.br\/c\/fkanarski?currency=BRL\">voc\u00ea ganhar at\u00e9 R$130 para sua primeira hospedagem e mais R$49 para sua primeira experi\u00eancia.<\/a><\/p>\n<p>&nbsp;<\/p>\n<p>&nbsp;<\/p>\n<h2>At\u00e9 R$50 de desconto para sua primeira reserva no Booking.com<\/h2>\n<p><a href=\"https:\/\/travelntech.com\/br\/wp-content\/uploads\/2018\/12\/booking_logo.jpg\" data-rel=\"lightbox-image-1\" data-rl_title=\"\" data-rl_caption=\"\" title=\"\"><img loading=\"lazy\" decoding=\"async\" class=\"alignleft size-thumbnail wp-image-633\" src=\"https:\/\/travelntech.com\/br\/wp-content\/uploads\/2018\/12\/booking_logo-150x150.jpg\" alt=\"\" width=\"150\" height=\"150\" srcset=\"https:\/\/travelntech.com\/br\/wp-content\/uploads\/2018\/12\/booking_logo-150x150.jpg 150w, https:\/\/travelntech.com\/br\/wp-content\/uploads\/2018\/12\/booking_logo-160x160.jpg 160w, https:\/\/travelntech.com\/br\/wp-content\/uploads\/2018\/12\/booking_logo-320x320.jpg 320w, https:\/\/travelntech.com\/br\/wp-content\/uploads\/2018\/12\/booking_logo.jpg 195w\" sizes=\"auto, (max-width: 150px) 100vw, 150px\" \/><\/a>Uma das mais completas plataformas de hospedagem do mundo. Para quem prefere Hot\u00e9is, o Booking \u00e9 uma \u00f3tima op\u00e7\u00e3o, praticando geramente os melhores pre\u00e7os entre os comparadores de hot\u00e9is.<\/p>\n<p>Al\u00e9m de hot\u00e9is o Booking tamb\u00e9m possui busca por apartamentos de temporada, ideal para voc\u00ea alugar por longos per\u00edodos.<\/p>\n<p>Para sua primeira hospedagem, <a href=\"https:\/\/www.booking.com\/s\/11_6\/nandok76\">at\u00e9 R$50 de desconto<\/a>.<\/p>\n<p>&nbsp;<\/p>\n<h2>Inscreva-se na Multiplus para acumular pontos e trocar por viagens.<\/h2>\n<p><a href=\"https:\/\/travelntech.com\/br\/wp-content\/uploads\/2018\/12\/zH2ZfQwt_400x400.jpg\" data-rel=\"lightbox-image-2\" data-rl_title=\"\" data-rl_caption=\"\" title=\"\"><img loading=\"lazy\" decoding=\"async\" class=\"alignleft size-thumbnail wp-image-635\" src=\"https:\/\/travelntech.com\/br\/wp-content\/uploads\/2018\/12\/zH2ZfQwt_400x400-150x150.jpg\" alt=\"\" width=\"150\" height=\"150\" srcset=\"https:\/\/travelntech.com\/br\/wp-content\/uploads\/2018\/12\/zH2ZfQwt_400x400-150x150.jpg 150w, https:\/\/travelntech.com\/br\/wp-content\/uploads\/2018\/12\/zH2ZfQwt_400x400-300x300.jpg 300w, https:\/\/travelntech.com\/br\/wp-content\/uploads\/2018\/12\/zH2ZfQwt_400x400-160x160.jpg 160w, https:\/\/travelntech.com\/br\/wp-content\/uploads\/2018\/12\/zH2ZfQwt_400x400-320x320.jpg 320w, https:\/\/travelntech.com\/br\/wp-content\/uploads\/2018\/12\/zH2ZfQwt_400x400.jpg 400w\" sizes=\"auto, (max-width: 150px) 100vw, 150px\" \/><\/a>A M\u00faltiplus \u00e9 uma das maiores empresas de ac\u00famulo e uso de pontos do Brasil. Atrav\u00e9s dela d\u00e1 para acumular milhas n\u00e3o s\u00f3 viajando, mas tamb\u00e9m reservando hoteis, fazendo atividades f\u00edsicas e comprando em diversas lojas, al\u00e9m de transfer\u00eancia o cart\u00e3o de cr\u00e9dito, \u00e9 claro.<\/p>\n<p><a href=\"https:\/\/www.pontosmultiplus.com.br\/cadastro?id_ind=SjDmzNDQxMjA4OQieie\">Inscreva-se<\/a> e comece a desfrutar dos benef\u00edcios da M\u00faltiplus.<\/p>\n<p>&nbsp;<\/p>\n<p>&nbsp;<\/p>\n<h2>Livros de viagem e Guias de Turismo com desconto na Amazon<\/h2>\n<p><a href=\"https:\/\/travelntech.com\/br\/wp-content\/uploads\/2018\/12\/amazon_square_logo.png\" data-rel=\"lightbox-image-3\" data-rl_title=\"\" data-rl_caption=\"\" title=\"\"><img loading=\"lazy\" decoding=\"async\" class=\"alignleft size-thumbnail wp-image-649\" src=\"https:\/\/travelntech.com\/br\/wp-content\/uploads\/2018\/12\/amazon_square_logo-150x150.png\" alt=\"\" width=\"150\" height=\"150\" srcset=\"https:\/\/travelntech.com\/br\/wp-content\/uploads\/2018\/12\/amazon_square_logo-150x150.png 150w, https:\/\/travelntech.com\/br\/wp-content\/uploads\/2018\/12\/amazon_square_logo-160x160.png 160w, https:\/\/travelntech.com\/br\/wp-content\/uploads\/2018\/12\/amazon_square_logo-320x320.png 320w, https:\/\/travelntech.com\/br\/wp-content\/uploads\/2018\/12\/amazon_square_logo.png 260w\" sizes=\"auto, (max-width: 150px) 100vw, 150px\" \/><\/a>Para quem est\u00e1 planejando a pr\u00f3xima viagem ou quer se inspirar com alguns incr\u00edveis livros sobre viagem, a Amazon oferece uma rela\u00e7\u00e3o gigante de livros f\u00edsicos ou e-books para voc\u00ea comprar e se inspirar.<\/p>\n<p><a href=\"https:\/\/www.amazon.com.br\/b?_encoding=UTF8&amp;tag=nandokanarski-20&amp;linkCode=ur2&amp;linkId=56b27420163d665782476169f52484e8&amp;camp=1789&amp;creative=9325&amp;node=7882554011\" target=\"_blank\" rel=\"noopener\">Livros de Viagem com desconto<\/a><img loading=\"lazy\" decoding=\"async\" style=\"border: none !important; margin: 0px !important;\" src=\"\/\/ir-br.amazon-adsystem.com\/e\/ir?t=nandokanarski-20&amp;l=ur2&amp;o=33\" alt=\"\" width=\"1\" height=\"1\" border=\"0\" \/><\/p>\n<p>&nbsp;<\/p>\n<p>&nbsp;<\/p>\n<h2>Ganhe $10 para comprar seu primeiro produto no Grabr<\/h2>\n<p><a href=\"https:\/\/travelntech.com\/br\/wp-content\/uploads\/2018\/12\/grabr-squarelogo-1462554987772.png\" data-rel=\"lightbox-image-4\" data-rl_title=\"\" data-rl_caption=\"\" title=\"\"><img loading=\"lazy\" decoding=\"async\" class=\"alignleft wp-image-638 size-thumbnail\" src=\"https:\/\/travelntech.com\/br\/wp-content\/uploads\/2018\/12\/grabr-squarelogo-1462554987772-150x150.png\" alt=\"\" width=\"150\" height=\"150\" srcset=\"https:\/\/travelntech.com\/br\/wp-content\/uploads\/2018\/12\/grabr-squarelogo-1462554987772-150x150.png 150w, https:\/\/travelntech.com\/br\/wp-content\/uploads\/2018\/12\/grabr-squarelogo-1462554987772-160x160.png 160w, https:\/\/travelntech.com\/br\/wp-content\/uploads\/2018\/12\/grabr-squarelogo-1462554987772-320x320.png 320w, https:\/\/travelntech.com\/br\/wp-content\/uploads\/2018\/12\/grabr-squarelogo-1462554987772.png 200w\" sizes=\"auto, (max-width: 150px) 100vw, 150px\" \/><\/a><a href=\"https:\/\/travelntech.com\/br\/grabr-e-confiavel-testei-a-rede-social-que-conecta-compradores-a-viajantes\/\">J\u00e1 falamos do Grabr aqui no blog<\/a>. Atrav\u00e9s desta rede social, voc\u00ea pode pedir encomendas para viajantes, que podem traz\u00ea-las de qualquer lugar do mundo. Ou melhor, se voc\u00ea vai viajar, pode inscrever-se e aceitar trazer encomendas para o Brasil para outras pessoas, cobrando uma taxa de comiss\u00e3o por isso.<\/p>\n<p><a href=\"https:\/\/grabr.io\/invitation\/fernando-kanarski?utm_source=referral_program&amp;utm_campaign=web&amp;utm_medium=copy_link\">Inscreva-se no Grabr e ganhe $10 de desconto para fazer seu primeiro pedido.<\/a><\/p>\n<p>&nbsp;<\/p>\n<p>&nbsp;<\/p>\n<h2>Crie sua conta no N26, o cart\u00e3o dos N\u00f4mades digitais<\/h2>\n<p><a href=\"https:\/\/travelntech.com\/br\/wp-content\/uploads\/2018\/12\/N26.jpg\" data-rel=\"lightbox-image-5\" data-rl_title=\"\" data-rl_caption=\"\" title=\"\"><img loading=\"lazy\" decoding=\"async\" class=\"alignleft size-thumbnail wp-image-639\" src=\"https:\/\/travelntech.com\/br\/wp-content\/uploads\/2018\/12\/N26-150x150.jpg\" alt=\"\" width=\"150\" height=\"150\" srcset=\"https:\/\/travelntech.com\/br\/wp-content\/uploads\/2018\/12\/N26-150x150.jpg 150w, https:\/\/travelntech.com\/br\/wp-content\/uploads\/2018\/12\/N26-300x300.jpg 300w, https:\/\/travelntech.com\/br\/wp-content\/uploads\/2018\/12\/N26-768x768.jpg 768w, https:\/\/travelntech.com\/br\/wp-content\/uploads\/2018\/12\/N26-1024x1024.jpg 1024w, https:\/\/travelntech.com\/br\/wp-content\/uploads\/2018\/12\/N26-160x160.jpg 160w, https:\/\/travelntech.com\/br\/wp-content\/uploads\/2018\/12\/N26-320x320.jpg 320w, https:\/\/travelntech.com\/br\/wp-content\/uploads\/2018\/12\/N26.jpg 1920w\" sizes=\"auto, (max-width: 150px) 100vw, 150px\" \/><\/a>O N26 \u00e9 um banco alem\u00e3o, que permite inscri\u00e7\u00e3o de brasileiro (desde que tenham um endereco na europa para enviar o cart\u00e3o). Atrav\u00e9s deste cart\u00e3o, voc\u00ea pode usar o Transferwise para enviar dinheiro legalmente para o banco e com taxas de c\u00e2mbio muito melhores que as casas de c\u00e2mbio ou bancos brasileiros. O cart\u00e3o \u00e9 gratuito e \u00f3timo para quem vai passar um tempo na Europa. Existe tamb\u00e9m uma vers\u00e3o Black, que entre outros benef\u00edcios, possui saques gr\u00e1tis em qualquer lugar do mundo.<\/p>\n<p><a href=\"https:\/\/n26.com\/r\/fernandk5964\">Crie sua conta gratuita no N26.<\/a><\/p>\n<p>&nbsp;<\/p>\n<h2>Ganhe taxa zero na sua primeira transfer\u00eancia via Transferwise<\/h2>\n<p><a href=\"https:\/\/travelntech.com\/br\/wp-content\/uploads\/2018\/12\/transferwise-squarelogo-1519235514772.png\" data-rel=\"lightbox-image-6\" data-rl_title=\"\" data-rl_caption=\"\" title=\"\"><img loading=\"lazy\" decoding=\"async\" class=\"alignleft size-thumbnail wp-image-641\" src=\"https:\/\/travelntech.com\/br\/wp-content\/uploads\/2018\/12\/transferwise-squarelogo-1519235514772-150x150.png\" alt=\"\" width=\"150\" height=\"150\" srcset=\"https:\/\/travelntech.com\/br\/wp-content\/uploads\/2018\/12\/transferwise-squarelogo-1519235514772-150x150.png 150w, https:\/\/travelntech.com\/br\/wp-content\/uploads\/2018\/12\/transferwise-squarelogo-1519235514772-160x160.png 160w, https:\/\/travelntech.com\/br\/wp-content\/uploads\/2018\/12\/transferwise-squarelogo-1519235514772-320x320.png 320w, https:\/\/travelntech.com\/br\/wp-content\/uploads\/2018\/12\/transferwise-squarelogo-1519235514772.png 180w\" sizes=\"auto, (max-width: 150px) 100vw, 150px\" \/><\/a>A TransferWise est\u00e1 revolucionando a forma que as pessoas transferem dinheiro pelo mundo. Atrav\u00e9s da cria\u00e7\u00e3o de contas em dezenas de pa\u00edses, a empresa consegue fazer cambio com taxas muito mais atrativas que as casas de c\u00e2mbio ou bancos brasileiros. Tornando a transfer\u00eancia de dinheiro para fora do pa\u00eds muito mais pr\u00e1tica e barata. Ela tamb\u00e9m pode ser utilizado para abastecer o seu cart\u00e3o N26.<\/p>\n<p><a href=\"https:\/\/transferwise.com\/i\/fernandok56\">Ganha bonifica\u00e7\u00e3o na taxa de servi\u00e7o na sua primeira transfer\u00eancia.<\/a><\/p>\n","protected":false},"excerpt":{"rendered":"<p>Nesta p\u00e1gina, voc\u00ea ir\u00e1 encontrar\u00a0descontos em servi\u00e7os e recomenda\u00e7\u00f5es de melhores ferramentas para usar. Sempre que poss\u00edvel com algum c\u00f3digo promocional para ajudar na sua primeira viagem. At\u00e9 R$179 de desconto para sua primeira&#46;&#46;&#46;<\/p>\n","protected":false},"author":1,"featured_media":644,"parent":0,"menu_order":0,"comment_status":"closed","ping_status":"closed","template":"","meta":{"_monsterinsights_skip_tracking":false,"_monsterinsights_sitenote_active":false,"_monsterinsights_sitenote_note":"","_monsterinsights_sitenote_category":0,"yasr_overall_rating":0,"yasr_post_is_review":"","yasr_auto_insert_disabled":"","yasr_review_type":"","footnotes":""},"class_list":["post-623","page","type-page","status-publish","has-post-thumbnail","hentry"],"yoast_head":"<!-- This site is optimized with the Yoast SEO plugin v26.9 - https:\/\/yoast.com\/product\/yoast-seo-wordpress\/ -->\n<title>Descontos e Recomenda\u00e7\u00f5es - Travel &#039;n Tech Brasil<\/title>\n<meta name=\"robots\" content=\"index, follow, max-snippet:-1, max-image-preview:large, max-video-preview:-1\" \/>\n<link rel=\"canonical\" href=\"https:\/\/travelntech.com\/br\/descontos-e-recomendacoes\/\" \/>\n<meta property=\"og:locale\" content=\"pt_BR\" \/>\n<meta property=\"og:type\" content=\"article\" \/>\n<meta property=\"og:title\" content=\"Descontos e Recomenda\u00e7\u00f5es - Travel &#039;n Tech Brasil\" \/>\n<meta property=\"og:description\" content=\"Nesta p\u00e1gina, voc\u00ea ir\u00e1 encontrar\u00a0descontos em servi\u00e7os e recomenda\u00e7\u00f5es de melhores ferramentas para usar. Sempre que poss\u00edvel com algum c\u00f3digo promocional para ajudar na sua primeira viagem. At\u00e9 R$179 de desconto para sua primeira&#046;&#046;&#046;\" \/>\n<meta property=\"og:url\" content=\"https:\/\/travelntech.com\/br\/descontos-e-recomendacoes\/\" \/>\n<meta property=\"og:site_name\" content=\"Travel &#039;n Tech Brasil\" \/>\n<meta property=\"article:modified_time\" content=\"2018-12-19T22:05:56+00:00\" \/>\n<meta property=\"og:image\" content=\"https:\/\/travelntech.com\/br\/wp-content\/uploads\/2018\/12\/viagem-descontos.jpg\" \/>\n\t<meta property=\"og:image:width\" content=\"1274\" \/>\n\t<meta property=\"og:image:height\" content=\"652\" \/>\n\t<meta property=\"og:image:type\" content=\"image\/jpeg\" \/>\n<meta name=\"twitter:card\" content=\"summary_large_image\" \/>\n<meta name=\"twitter:label1\" content=\"Est. tempo de leitura\" \/>\n\t<meta name=\"twitter:data1\" content=\"3 minutos\" \/>\n<script type=\"application\/ld+json\" class=\"yoast-schema-graph\">{\"@context\":\"https:\/\/schema.org\",\"@graph\":[{\"@type\":\"WebPage\",\"@id\":\"https:\/\/travelntech.com\/br\/descontos-e-recomendacoes\/\",\"url\":\"https:\/\/travelntech.com\/br\/descontos-e-recomendacoes\/\",\"name\":\"Descontos e Recomenda\u00e7\u00f5es - Travel &#039;n Tech Brasil\",\"isPartOf\":{\"@id\":\"https:\/\/travelntech.com\/br\/#website\"},\"primaryImageOfPage\":{\"@id\":\"https:\/\/travelntech.com\/br\/descontos-e-recomendacoes\/#primaryimage\"},\"image\":{\"@id\":\"https:\/\/travelntech.com\/br\/descontos-e-recomendacoes\/#primaryimage\"},\"thumbnailUrl\":\"https:\/\/travelntech.com\/br\/wp-content\/uploads\/2018\/12\/viagem-descontos.jpg\",\"datePublished\":\"2018-12-19T21:22:15+00:00\",\"dateModified\":\"2018-12-19T22:05:56+00:00\",\"breadcrumb\":{\"@id\":\"https:\/\/travelntech.com\/br\/descontos-e-recomendacoes\/#breadcrumb\"},\"inLanguage\":\"pt-BR\",\"potentialAction\":[{\"@type\":\"ReadAction\",\"target\":[\"https:\/\/travelntech.com\/br\/descontos-e-recomendacoes\/\"]}]},{\"@type\":\"ImageObject\",\"inLanguage\":\"pt-BR\",\"@id\":\"https:\/\/travelntech.com\/br\/descontos-e-recomendacoes\/#primaryimage\",\"url\":\"https:\/\/travelntech.com\/br\/wp-content\/uploads\/2018\/12\/viagem-descontos.jpg\",\"contentUrl\":\"https:\/\/travelntech.com\/br\/wp-content\/uploads\/2018\/12\/viagem-descontos.jpg\",\"width\":1274,\"height\":652},{\"@type\":\"BreadcrumbList\",\"@id\":\"https:\/\/travelntech.com\/br\/descontos-e-recomendacoes\/#breadcrumb\",\"itemListElement\":[{\"@type\":\"ListItem\",\"position\":1,\"name\":\"In\u00edcio\",\"item\":\"https:\/\/travelntech.com\/br\/\"},{\"@type\":\"ListItem\",\"position\":2,\"name\":\"Descontos e Recomenda\u00e7\u00f5es\"}]},{\"@type\":\"WebSite\",\"@id\":\"https:\/\/travelntech.com\/br\/#website\",\"url\":\"https:\/\/travelntech.com\/br\/\",\"name\":\"Travel 'n Tech Brasil\",\"description\":\"\",\"publisher\":{\"@id\":\"https:\/\/travelntech.com\/br\/#\/schema\/person\/876b20ae233960823cae1759e8dc09fd\"},\"potentialAction\":[{\"@type\":\"SearchAction\",\"target\":{\"@type\":\"EntryPoint\",\"urlTemplate\":\"https:\/\/travelntech.com\/br\/?s={search_term_string}\"},\"query-input\":{\"@type\":\"PropertyValueSpecification\",\"valueRequired\":true,\"valueName\":\"search_term_string\"}}],\"inLanguage\":\"pt-BR\"},{\"@type\":[\"Person\",\"Organization\"],\"@id\":\"https:\/\/travelntech.com\/br\/#\/schema\/person\/876b20ae233960823cae1759e8dc09fd\",\"name\":\"Fernando Kanarski\",\"image\":{\"@type\":\"ImageObject\",\"inLanguage\":\"pt-BR\",\"@id\":\"https:\/\/travelntech.com\/br\/#\/schema\/person\/image\/\",\"url\":\"https:\/\/travelntech.com\/br\/wp-content\/uploads\/2016\/05\/cropped-travelntech-1.png\",\"contentUrl\":\"https:\/\/travelntech.com\/br\/wp-content\/uploads\/2016\/05\/cropped-travelntech-1.png\",\"width\":329,\"height\":144,\"caption\":\"Fernando Kanarski\"},\"logo\":{\"@id\":\"https:\/\/travelntech.com\/br\/#\/schema\/person\/image\/\"},\"sameAs\":[\"https:\/\/www.instagram.com\/nandokanarski\/\",\"https:\/\/www.youtube.com\/@nandokanarski\"]},false]}<\/script>\n<!-- \/ Yoast SEO plugin. -->","yoast_head_json":{"title":"Descontos e Recomenda\u00e7\u00f5es - Travel &#039;n Tech Brasil","robots":{"index":"index","follow":"follow","max-snippet":"max-snippet:-1","max-image-preview":"max-image-preview:large","max-video-preview":"max-video-preview:-1"},"canonical":"https:\/\/travelntech.com\/br\/descontos-e-recomendacoes\/","og_locale":"pt_BR","og_type":"article","og_title":"Descontos e Recomenda\u00e7\u00f5es - Travel &#039;n Tech Brasil","og_description":"Nesta p\u00e1gina, voc\u00ea ir\u00e1 encontrar\u00a0descontos em servi\u00e7os e recomenda\u00e7\u00f5es de melhores ferramentas para usar. Sempre que poss\u00edvel com algum c\u00f3digo promocional para ajudar na sua primeira viagem. At\u00e9 R$179 de desconto para sua primeira&#46;&#46;&#46;","og_url":"https:\/\/travelntech.com\/br\/descontos-e-recomendacoes\/","og_site_name":"Travel &#039;n Tech Brasil","article_modified_time":"2018-12-19T22:05:56+00:00","og_image":[{"width":1274,"height":652,"url":"https:\/\/travelntech.com\/br\/wp-content\/uploads\/2018\/12\/viagem-descontos.jpg","type":"image\/jpeg"}],"twitter_card":"summary_large_image","twitter_misc":{"Est. tempo de leitura":"3 minutos"},"schema":{"@context":"https:\/\/schema.org","@graph":[{"@type":"WebPage","@id":"https:\/\/travelntech.com\/br\/descontos-e-recomendacoes\/","url":"https:\/\/travelntech.com\/br\/descontos-e-recomendacoes\/","name":"Descontos e Recomenda\u00e7\u00f5es - Travel &#039;n Tech Brasil","isPartOf":{"@id":"https:\/\/travelntech.com\/br\/#website"},"primaryImageOfPage":{"@id":"https:\/\/travelntech.com\/br\/descontos-e-recomendacoes\/#primaryimage"},"image":{"@id":"https:\/\/travelntech.com\/br\/descontos-e-recomendacoes\/#primaryimage"},"thumbnailUrl":"https:\/\/travelntech.com\/br\/wp-content\/uploads\/2018\/12\/viagem-descontos.jpg","datePublished":"2018-12-19T21:22:15+00:00","dateModified":"2018-12-19T22:05:56+00:00","breadcrumb":{"@id":"https:\/\/travelntech.com\/br\/descontos-e-recomendacoes\/#breadcrumb"},"inLanguage":"pt-BR","potentialAction":[{"@type":"ReadAction","target":["https:\/\/travelntech.com\/br\/descontos-e-recomendacoes\/"]}]},{"@type":"ImageObject","inLanguage":"pt-BR","@id":"https:\/\/travelntech.com\/br\/descontos-e-recomendacoes\/#primaryimage","url":"https:\/\/travelntech.com\/br\/wp-content\/uploads\/2018\/12\/viagem-descontos.jpg","contentUrl":"https:\/\/travelntech.com\/br\/wp-content\/uploads\/2018\/12\/viagem-descontos.jpg","width":1274,"height":652},{"@type":"BreadcrumbList","@id":"https:\/\/travelntech.com\/br\/descontos-e-recomendacoes\/#breadcrumb","itemListElement":[{"@type":"ListItem","position":1,"name":"In\u00edcio","item":"https:\/\/travelntech.com\/br\/"},{"@type":"ListItem","position":2,"name":"Descontos e Recomenda\u00e7\u00f5es"}]},{"@type":"WebSite","@id":"https:\/\/travelntech.com\/br\/#website","url":"https:\/\/travelntech.com\/br\/","name":"Travel 'n Tech Brasil","description":"","publisher":{"@id":"https:\/\/travelntech.com\/br\/#\/schema\/person\/876b20ae233960823cae1759e8dc09fd"},"potentialAction":[{"@type":"SearchAction","target":{"@type":"EntryPoint","urlTemplate":"https:\/\/travelntech.com\/br\/?s={search_term_string}"},"query-input":{"@type":"PropertyValueSpecification","valueRequired":true,"valueName":"search_term_string"}}],"inLanguage":"pt-BR"},{"@type":["Person","Organization"],"@id":"https:\/\/travelntech.com\/br\/#\/schema\/person\/876b20ae233960823cae1759e8dc09fd","name":"Fernando Kanarski","image":{"@type":"ImageObject","inLanguage":"pt-BR","@id":"https:\/\/travelntech.com\/br\/#\/schema\/person\/image\/","url":"https:\/\/travelntech.com\/br\/wp-content\/uploads\/2016\/05\/cropped-travelntech-1.png","contentUrl":"https:\/\/travelntech.com\/br\/wp-content\/uploads\/2016\/05\/cropped-travelntech-1.png","width":329,"height":144,"caption":"Fernando Kanarski"},"logo":{"@id":"https:\/\/travelntech.com\/br\/#\/schema\/person\/image\/"},"sameAs":["https:\/\/www.instagram.com\/nandokanarski\/","https:\/\/www.youtube.com\/@nandokanarski"]},false]}},"yasr_visitor_votes":{"stars_attributes":{"read_only":false,"span_bottom":false},"number_of_votes":0,"sum_votes":0},"amp_enabled":true,"_links":{"self":[{"href":"https:\/\/travelntech.com\/br\/wp-json\/wp\/v2\/pages\/623","targetHints":{"allow":["GET"]}}],"collection":[{"href":"https:\/\/travelntech.com\/br\/wp-json\/wp\/v2\/pages"}],"about":[{"href":"https:\/\/travelntech.com\/br\/wp-json\/wp\/v2\/types\/page"}],"author":[{"embeddable":true,"href":"https:\/\/travelntech.com\/br\/wp-json\/wp\/v2\/users\/1"}],"replies":[{"embeddable":true,"href":"https:\/\/travelntech.com\/br\/wp-json\/wp\/v2\/comments?post=623"}],"version-history":[{"count":10,"href":"https:\/\/travelntech.com\/br\/wp-json\/wp\/v2\/pages\/623\/revisions"}],"predecessor-version":[{"id":652,"href":"https:\/\/travelntech.com\/br\/wp-json\/wp\/v2\/pages\/623\/revisions\/652"}],"wp:featuredmedia":[{"embeddable":true,"href":"https:\/\/travelntech.com\/br\/wp-json\/wp\/v2\/media\/644"}],"wp:attachment":[{"href":"https:\/\/travelntech.com\/br\/wp-json\/wp\/v2\/media?parent=623"}],"curies":[{"name":"wp","href":"https:\/\/api.w.org\/{rel}","templated":true}]}}