{"id":590,"date":"2018-06-03T12:53:09","date_gmt":"2018-06-03T12:53:09","guid":{"rendered":"https:\/\/travelntech.com\/br\/?page_id=590"},"modified":"2018-06-03T12:53:09","modified_gmt":"2018-06-03T12:53:09","slug":"onde-estou-agora","status":"publish","type":"page","link":"https:\/\/travelntech.com\/br\/onde-estou-agora\/","title":{"rendered":"Onde estou agora?"},"content":{"rendered":"<div style='text-align:left' class='yasr-auto-insert-visitor'><\/div><p>No Instagram voc\u00ea ir\u00e1 encontrar as \u00faltimas fotos, dos \u00faltimos lugares que passei! \ud83d\ude42<\/p>\n<p>[instagram-feed]<\/p>\n","protected":false},"excerpt":{"rendered":"<p>No Instagram voc\u00ea ir\u00e1 encontrar as \u00faltimas fotos, dos \u00faltimos lugares que passei! \ud83d\ude42 [instagram-feed]<\/p>\n","protected":false},"author":1,"featured_media":0,"parent":0,"menu_order":0,"comment_status":"closed","ping_status":"closed","template":"","meta":{"_monsterinsights_skip_tracking":false,"_monsterinsights_sitenote_active":false,"_monsterinsights_sitenote_note":"","_monsterinsights_sitenote_category":0,"yasr_overall_rating":0,"yasr_post_is_review":"","yasr_auto_insert_disabled":"","yasr_review_type":"","footnotes":""},"class_list":["post-590","page","type-page","status-publish","hentry"],"yoast_head":"<!-- This site is optimized with the Yoast SEO plugin v26.9 - https:\/\/yoast.com\/product\/yoast-seo-wordpress\/ -->\n<title>Onde estou agora? - Travel &#039;n Tech Brasil<\/title>\n<meta name=\"robots\" content=\"index, follow, max-snippet:-1, max-image-preview:large, max-video-preview:-1\" \/>\n<link rel=\"canonical\" href=\"https:\/\/travelntech.com\/br\/onde-estou-agora\/\" \/>\n<meta property=\"og:locale\" content=\"pt_BR\" \/>\n<meta property=\"og:type\" content=\"article\" \/>\n<meta property=\"og:title\" content=\"Onde estou agora? - Travel &#039;n Tech Brasil\" \/>\n<meta property=\"og:description\" content=\"No Instagram voc\u00ea ir\u00e1 encontrar as \u00faltimas fotos, dos \u00faltimos lugares que passei! \ud83d\ude42 [instagram-feed]\" \/>\n<meta property=\"og:url\" content=\"https:\/\/travelntech.com\/br\/onde-estou-agora\/\" \/>\n<meta property=\"og:site_name\" content=\"Travel &#039;n Tech Brasil\" \/>\n<meta property=\"og:image\" content=\"https:\/\/travelntech.com\/br\/wp-content\/uploads\/2015\/12\/painel-voos.jpg\" \/>\n\t<meta property=\"og:image:width\" content=\"1024\" \/>\n\t<meta property=\"og:image:height\" content=\"532\" \/>\n\t<meta property=\"og:image:type\" content=\"image\/jpeg\" \/>\n<meta name=\"twitter:card\" content=\"summary_large_image\" \/>\n<script type=\"application\/ld+json\" class=\"yoast-schema-graph\">{\"@context\":\"https:\/\/schema.org\",\"@graph\":[{\"@type\":\"WebPage\",\"@id\":\"https:\/\/travelntech.com\/br\/onde-estou-agora\/\",\"url\":\"https:\/\/travelntech.com\/br\/onde-estou-agora\/\",\"name\":\"Onde estou agora? - Travel &#039;n Tech Brasil\",\"isPartOf\":{\"@id\":\"https:\/\/travelntech.com\/br\/#website\"},\"datePublished\":\"2018-06-03T12:53:09+00:00\",\"breadcrumb\":{\"@id\":\"https:\/\/travelntech.com\/br\/onde-estou-agora\/#breadcrumb\"},\"inLanguage\":\"pt-BR\",\"potentialAction\":[{\"@type\":\"ReadAction\",\"target\":[\"https:\/\/travelntech.com\/br\/onde-estou-agora\/\"]}]},{\"@type\":\"BreadcrumbList\",\"@id\":\"https:\/\/travelntech.com\/br\/onde-estou-agora\/#breadcrumb\",\"itemListElement\":[{\"@type\":\"ListItem\",\"position\":1,\"name\":\"In\u00edcio\",\"item\":\"https:\/\/travelntech.com\/br\/\"},{\"@type\":\"ListItem\",\"position\":2,\"name\":\"Onde estou agora?\"}]},{\"@type\":\"WebSite\",\"@id\":\"https:\/\/travelntech.com\/br\/#website\",\"url\":\"https:\/\/travelntech.com\/br\/\",\"name\":\"Travel 'n Tech Brasil\",\"description\":\"\",\"publisher\":{\"@id\":\"https:\/\/travelntech.com\/br\/#\/schema\/person\/876b20ae233960823cae1759e8dc09fd\"},\"potentialAction\":[{\"@type\":\"SearchAction\",\"target\":{\"@type\":\"EntryPoint\",\"urlTemplate\":\"https:\/\/travelntech.com\/br\/?s={search_term_string}\"},\"query-input\":{\"@type\":\"PropertyValueSpecification\",\"valueRequired\":true,\"valueName\":\"search_term_string\"}}],\"inLanguage\":\"pt-BR\"},{\"@type\":[\"Person\",\"Organization\"],\"@id\":\"https:\/\/travelntech.com\/br\/#\/schema\/person\/876b20ae233960823cae1759e8dc09fd\",\"name\":\"Fernando Kanarski\",\"image\":{\"@type\":\"ImageObject\",\"inLanguage\":\"pt-BR\",\"@id\":\"https:\/\/travelntech.com\/br\/#\/schema\/person\/image\/\",\"url\":\"https:\/\/travelntech.com\/br\/wp-content\/uploads\/2016\/05\/cropped-travelntech-1.png\",\"contentUrl\":\"https:\/\/travelntech.com\/br\/wp-content\/uploads\/2016\/05\/cropped-travelntech-1.png\",\"width\":329,\"height\":144,\"caption\":\"Fernando Kanarski\"},\"logo\":{\"@id\":\"https:\/\/travelntech.com\/br\/#\/schema\/person\/image\/\"},\"sameAs\":[\"https:\/\/www.instagram.com\/nandokanarski\/\",\"https:\/\/www.youtube.com\/@nandokanarski\"]},false]}<\/script>\n<!-- \/ Yoast SEO plugin. -->","yoast_head_json":{"title":"Onde estou agora? - Travel &#039;n Tech Brasil","robots":{"index":"index","follow":"follow","max-snippet":"max-snippet:-1","max-image-preview":"max-image-preview:large","max-video-preview":"max-video-preview:-1"},"canonical":"https:\/\/travelntech.com\/br\/onde-estou-agora\/","og_locale":"pt_BR","og_type":"article","og_title":"Onde estou agora? - Travel &#039;n Tech Brasil","og_description":"No Instagram voc\u00ea ir\u00e1 encontrar as \u00faltimas fotos, dos \u00faltimos lugares que passei! \ud83d\ude42 [instagram-feed]","og_url":"https:\/\/travelntech.com\/br\/onde-estou-agora\/","og_site_name":"Travel &#039;n Tech Brasil","og_image":[{"width":1024,"height":532,"url":"https:\/\/travelntech.com\/br\/wp-content\/uploads\/2015\/12\/painel-voos.jpg","type":"image\/jpeg"}],"twitter_card":"summary_large_image","schema":{"@context":"https:\/\/schema.org","@graph":[{"@type":"WebPage","@id":"https:\/\/travelntech.com\/br\/onde-estou-agora\/","url":"https:\/\/travelntech.com\/br\/onde-estou-agora\/","name":"Onde estou agora? - Travel &#039;n Tech Brasil","isPartOf":{"@id":"https:\/\/travelntech.com\/br\/#website"},"datePublished":"2018-06-03T12:53:09+00:00","breadcrumb":{"@id":"https:\/\/travelntech.com\/br\/onde-estou-agora\/#breadcrumb"},"inLanguage":"pt-BR","potentialAction":[{"@type":"ReadAction","target":["https:\/\/travelntech.com\/br\/onde-estou-agora\/"]}]},{"@type":"BreadcrumbList","@id":"https:\/\/travelntech.com\/br\/onde-estou-agora\/#breadcrumb","itemListElement":[{"@type":"ListItem","position":1,"name":"In\u00edcio","item":"https:\/\/travelntech.com\/br\/"},{"@type":"ListItem","position":2,"name":"Onde estou agora?"}]},{"@type":"WebSite","@id":"https:\/\/travelntech.com\/br\/#website","url":"https:\/\/travelntech.com\/br\/","name":"Travel 'n Tech Brasil","description":"","publisher":{"@id":"https:\/\/travelntech.com\/br\/#\/schema\/person\/876b20ae233960823cae1759e8dc09fd"},"potentialAction":[{"@type":"SearchAction","target":{"@type":"EntryPoint","urlTemplate":"https:\/\/travelntech.com\/br\/?s={search_term_string}"},"query-input":{"@type":"PropertyValueSpecification","valueRequired":true,"valueName":"search_term_string"}}],"inLanguage":"pt-BR"},{"@type":["Person","Organization"],"@id":"https:\/\/travelntech.com\/br\/#\/schema\/person\/876b20ae233960823cae1759e8dc09fd","name":"Fernando Kanarski","image":{"@type":"ImageObject","inLanguage":"pt-BR","@id":"https:\/\/travelntech.com\/br\/#\/schema\/person\/image\/","url":"https:\/\/travelntech.com\/br\/wp-content\/uploads\/2016\/05\/cropped-travelntech-1.png","contentUrl":"https:\/\/travelntech.com\/br\/wp-content\/uploads\/2016\/05\/cropped-travelntech-1.png","width":329,"height":144,"caption":"Fernando Kanarski"},"logo":{"@id":"https:\/\/travelntech.com\/br\/#\/schema\/person\/image\/"},"sameAs":["https:\/\/www.instagram.com\/nandokanarski\/","https:\/\/www.youtube.com\/@nandokanarski"]},false]}},"yasr_visitor_votes":{"stars_attributes":{"read_only":false,"span_bottom":false},"number_of_votes":0,"sum_votes":0},"amp_enabled":true,"_links":{"self":[{"href":"https:\/\/travelntech.com\/br\/wp-json\/wp\/v2\/pages\/590","targetHints":{"allow":["GET"]}}],"collection":[{"href":"https:\/\/travelntech.com\/br\/wp-json\/wp\/v2\/pages"}],"about":[{"href":"https:\/\/travelntech.com\/br\/wp-json\/wp\/v2\/types\/page"}],"author":[{"embeddable":true,"href":"https:\/\/travelntech.com\/br\/wp-json\/wp\/v2\/users\/1"}],"replies":[{"embeddable":true,"href":"https:\/\/travelntech.com\/br\/wp-json\/wp\/v2\/comments?post=590"}],"version-history":[{"count":1,"href":"https:\/\/travelntech.com\/br\/wp-json\/wp\/v2\/pages\/590\/revisions"}],"predecessor-version":[{"id":591,"href":"https:\/\/travelntech.com\/br\/wp-json\/wp\/v2\/pages\/590\/revisions\/591"}],"wp:attachment":[{"href":"https:\/\/travelntech.com\/br\/wp-json\/wp\/v2\/media?parent=590"}],"curies":[{"name":"wp","href":"https:\/\/api.w.org\/{rel}","templated":true}]}}